{"id":615,"date":"2024-10-11T19:11:34","date_gmt":"2024-10-11T17:11:34","guid":{"rendered":"https:\/\/plrp.fr\/?page_id=615"},"modified":"2024-10-14T21:19:16","modified_gmt":"2024-10-14T19:19:16","slug":"mentions-legales","status":"publish","type":"page","link":"https:\/\/plrp.fr\/en\/mentions-legales\/","title":{"rendered":"Legal information"},"content":{"rendered":"<div data-elementor-type=\"wp-page\" data-elementor-id=\"615\" class=\"elementor elementor-615\" data-elementor-post-type=\"page\">\n\t\t\t\t\t\t<section class=\"elementor-section elementor-top-section elementor-element elementor-element-6f0b4ab2 elementor-section-boxed elementor-section-height-default elementor-section-height-default\" data-id=\"6f0b4ab2\" data-element_type=\"section\">\n\t\t\t\t\t\t<div class=\"elementor-container elementor-column-gap-default\">\n\t\t\t\t\t<div class=\"elementor-column elementor-col-100 elementor-top-column elementor-element elementor-element-131aa0dc\" data-id=\"131aa0dc\" data-element_type=\"column\">\n\t\t\t<div class=\"elementor-widget-wrap elementor-element-populated\">\n\t\t\t\t\t\t<div class=\"elementor-element elementor-element-bb350dd elementor-widget elementor-widget-heading\" data-id=\"bb350dd\" data-element_type=\"widget\" data-widget_type=\"heading.default\">\n\t\t\t\t<div class=\"elementor-widget-container\">\n\t\t\t\t\t<h2 class=\"elementor-heading-title elementor-size-default\">MENTIONS L\u00c9GALES<\/h2>\t\t\t\t<\/div>\n\t\t\t\t<\/div>\n\t\t\t\t<div class=\"elementor-element elementor-element-6d214882 elementor-widget elementor-widget-text-editor\" data-id=\"6d214882\" data-element_type=\"widget\" data-widget_type=\"text-editor.default\">\n\t\t\t\t<div class=\"elementor-widget-container\">\n\t\t\t\t\t\t\t\t\t\n<p>Conform\u00e9ment aux dispositions des articles 6-III et 19 de la Loi n\u00b0 2004-575 du 21 juin 2004 pour la Confiance dans l\u2019\u00e9conomie num\u00e9rique, dite L.C.E.N., nous portons \u00e0 la connaissance des utilisateurs et visiteurs du site : www.plrp.fr les informations suivantes :<\/p>\n<p>Informations l\u00e9gales :<\/p>\n<p>Propri\u00e9taire, responsable du traitement des donn\u00e9es personnelles et \u00e9diteur : Mme Lauraire Philippine<\/p>\n<p>Nom de la soci\u00e9t\u00e9 : PLRP<\/p>\n<p>Si\u00e8ge social : 2 rue de Tocqueville, 75017 PARIS<\/p>\n<p>T\u00e9l : 06 76 15 84 10<\/p>\n<p>SIRET : 502 796 337 00017<\/p>\n<p>Code APE : Production audiovisuelle (2642)<\/p>\n<p>TVA FR29502796337<\/p>\n<p>Adresse de courrier \u00e9lectronique : hello@plrp.fr<\/p>\n<p>Le cr\u00e9ateur du site, webmaster et Responsable de la publication est : Mme Lauraire Philippine<\/p>\n<p>L\u2019h\u00e9bergeur du site est : OVH<\/p>\n<p>SAS au Capital de 50 OOO OOO \u20ac<\/p>\n<p>42476141900045<\/p>\n<p>2 rue Kellermann 59100 ROUBAIX<\/p>\n<p>PROTECTION DES BIENS ET DES PERSONNES \u2013 GESTION DES DONN\u00c9ES PERSONNELLES<\/p>\n<p>Utilisateur : Internaute se connectant, utilisant le site susnomm\u00e9 : www.plrp.fr<\/p>\n<p>Ce site internet a fait l\u2019objet d\u2019une d\u00e9claration CNIL sous le num\u00e9ro : DPO-XXXXX<\/p>\n<p>Sur le site www.plrp.fr, le propri\u00e9taire du site ne collecte des informations personnelles relatives \u00e0 l\u2019utilisateur que pour le besoin de certains services propos\u00e9s par le site www.plrp.fr. L\u2019utilisateur fournit ces informations en toute connaissance de cause, notamment lorsqu\u2019il proc\u00e8de par lui-m\u00eame \u00e0 leur saisie. Il est alors pr\u00e9cis\u00e9 \u00e0 l\u2019utilisateur du site www.plrp.fr l\u2019obligation ou non de fournir ces informations.Les informations recueillies sur le formulaire de contact pr\u00e9sent sur le site sont enregistr\u00e9es dans un fichier informatis\u00e9 par la soci\u00e9t\u00e9 \u00e0 des fins statistiques. Elles sont conserv\u00e9es pendant toute la dur\u00e9e n\u00e9cessaire \u00e0 la collaboration entre les deux parties concern\u00e9es.\u00a0<\/p>\n<p>Conform\u00e9ment aux dispositions des articles 38 et suivants de la loi 78-17 du 6 janvier 1978 relative \u00e0 l\u2019informatique, aux fichiers et aux libert\u00e9s, tout utilisateur dispose d\u2019un droit d\u2019acc\u00e8s, de rectification, de suppression et d\u2019opposition aux donn\u00e9es personnelles le concernant. Pour l\u2019exercer, adressez votre demande \u00e0 www.plrp.fr par email : hello@plrp.fr ou en effectuant sa demande \u00e9crite et sign\u00e9e, accompagn\u00e9e d\u2019une copie du titre d\u2019identit\u00e9 avec signature du titulaire de la pi\u00e8ce, en pr\u00e9cisant l\u2019adresse \u00e0 laquelle la r\u00e9ponse doit \u00eatre envoy\u00e9e.<\/p>\n<p>Aucune information personnelle de l\u2019utilisateur du site www.plrp.fr n\u2019est publi\u00e9e \u00e0 l\u2019insu de l\u2019utilisateur, \u00e9chang\u00e9e, transf\u00e9r\u00e9e, c\u00e9d\u00e9e ou vendue sur un support quelconque \u00e0 des tiers.\u00a0<\/p>\t\t\t\t\t\t\t\t<\/div>\n\t\t\t\t<\/div>\n\t\t\t\t\t<\/div>\n\t\t<\/div>\n\t\t\t\t\t<\/div>\n\t\t<\/section>\n\t\t\t\t<\/div>","protected":false},"excerpt":{"rendered":"<p>MENTIONS L\u00c9GALES Conform\u00e9ment aux dispositions des articles 6-III et 19 de la Loi n\u00b0 2004-575 du 21 juin 2004 pour la Confiance dans l\u2019\u00e9conomie num\u00e9rique, dite L.C.E.N., nous portons \u00e0 la connaissance des utilisateurs et visiteurs du site : www.plrp.fr les informations suivantes : Informations l\u00e9gales : Propri\u00e9taire, responsable du traitement des donn\u00e9es personnelles et [&hellip;]<\/p>","protected":false},"author":1,"featured_media":0,"parent":0,"menu_order":0,"comment_status":"closed","ping_status":"closed","template":"elementor_canvas","meta":{"footnotes":""},"class_list":["post-615","page","type-page","status-publish","hentry"],"yoast_head":"<!-- This site is optimized with the Yoast SEO plugin v26.4 - https:\/\/yoast.com\/wordpress\/plugins\/seo\/ -->\n<title>Mentions l\u00e9gales - Agence PLRP - Relations Presse Sport - Tourisme - Lifestyle<\/title>\n<meta name=\"robots\" content=\"index, follow, max-snippet:-1, max-image-preview:large, max-video-preview:-1\" \/>\n<link rel=\"canonical\" href=\"https:\/\/plrp.fr\/en\/mentions-legales\/\" \/>\n<meta property=\"og:locale\" content=\"en_US\" \/>\n<meta property=\"og:type\" content=\"article\" \/>\n<meta property=\"og:title\" content=\"Mentions l\u00e9gales - Agence PLRP - Relations Presse Sport - Tourisme - Lifestyle\" \/>\n<meta property=\"og:description\" content=\"MENTIONS L\u00c9GALES Conform\u00e9ment aux dispositions des articles 6-III et 19 de la Loi n\u00b0 2004-575 du 21 juin 2004 pour la Confiance dans l\u2019\u00e9conomie num\u00e9rique, dite L.C.E.N., nous portons \u00e0 la connaissance des utilisateurs et visiteurs du site : www.plrp.fr les informations suivantes : Informations l\u00e9gales : Propri\u00e9taire, responsable du traitement des donn\u00e9es personnelles et [&hellip;]\" \/>\n<meta property=\"og:url\" content=\"https:\/\/plrp.fr\/en\/mentions-legales\/\" \/>\n<meta property=\"og:site_name\" content=\"Agence PLRP - Relations Presse Sport - Tourisme - Lifestyle\" \/>\n<meta property=\"article:modified_time\" content=\"2024-10-14T19:19:16+00:00\" \/>\n<meta name=\"twitter:card\" content=\"summary_large_image\" \/>\n<meta name=\"twitter:label1\" content=\"Est. reading time\" \/>\n\t<meta name=\"twitter:data1\" content=\"2 minutes\" \/>\n<script type=\"application\/ld+json\" class=\"yoast-schema-graph\">{\"@context\":\"https:\/\/schema.org\",\"@graph\":[{\"@type\":\"WebPage\",\"@id\":\"https:\/\/plrp.fr\/mentions-legales\/\",\"url\":\"https:\/\/plrp.fr\/mentions-legales\/\",\"name\":\"Mentions l\u00e9gales - Agence PLRP - Relations Presse Sport - Tourisme - Lifestyle\",\"isPartOf\":{\"@id\":\"https:\/\/plrp.fr\/#website\"},\"datePublished\":\"2024-10-11T17:11:34+00:00\",\"dateModified\":\"2024-10-14T19:19:16+00:00\",\"breadcrumb\":{\"@id\":\"https:\/\/plrp.fr\/mentions-legales\/#breadcrumb\"},\"inLanguage\":\"en-US\",\"potentialAction\":[{\"@type\":\"ReadAction\",\"target\":[\"https:\/\/plrp.fr\/mentions-legales\/\"]}]},{\"@type\":\"BreadcrumbList\",\"@id\":\"https:\/\/plrp.fr\/mentions-legales\/#breadcrumb\",\"itemListElement\":[{\"@type\":\"ListItem\",\"position\":1,\"name\":\"Accueil\",\"item\":\"https:\/\/plrp.fr\/\"},{\"@type\":\"ListItem\",\"position\":2,\"name\":\"Mentions l\u00e9gales\"}]},{\"@type\":\"WebSite\",\"@id\":\"https:\/\/plrp.fr\/#website\",\"url\":\"https:\/\/plrp.fr\/\",\"name\":\"PLRP - Accueil - Philippine Lauraire Relations Presse\",\"description\":\"\",\"publisher\":{\"@id\":\"https:\/\/plrp.fr\/#organization\"},\"potentialAction\":[{\"@type\":\"SearchAction\",\"target\":{\"@type\":\"EntryPoint\",\"urlTemplate\":\"https:\/\/plrp.fr\/?s={search_term_string}\"},\"query-input\":{\"@type\":\"PropertyValueSpecification\",\"valueRequired\":true,\"valueName\":\"search_term_string\"}}],\"inLanguage\":\"en-US\"},{\"@type\":\"Organization\",\"@id\":\"https:\/\/plrp.fr\/#organization\",\"name\":\"PLRP - Accueil - Philippine Lauraire Relations Presse\",\"url\":\"https:\/\/plrp.fr\/\",\"logo\":{\"@type\":\"ImageObject\",\"inLanguage\":\"en-US\",\"@id\":\"https:\/\/plrp.fr\/#\/schema\/logo\/image\/\",\"url\":\"https:\/\/plrp.fr\/wp-content\/uploads\/2024\/10\/PLRP_logo_blanc.svg\",\"contentUrl\":\"https:\/\/plrp.fr\/wp-content\/uploads\/2024\/10\/PLRP_logo_blanc.svg\",\"width\":354,\"height\":282,\"caption\":\"PLRP - Accueil - Philippine Lauraire Relations Presse\"},\"image\":{\"@id\":\"https:\/\/plrp.fr\/#\/schema\/logo\/image\/\"}}]}<\/script>\n<!-- \/ Yoast SEO plugin. -->","yoast_head_json":{"title":"Mentions l\u00e9gales - Agence PLRP - Relations Presse Sport - Tourisme - Lifestyle","robots":{"index":"index","follow":"follow","max-snippet":"max-snippet:-1","max-image-preview":"max-image-preview:large","max-video-preview":"max-video-preview:-1"},"canonical":"https:\/\/plrp.fr\/en\/mentions-legales\/","og_locale":"en_US","og_type":"article","og_title":"Mentions l\u00e9gales - Agence PLRP - Relations Presse Sport - Tourisme - Lifestyle","og_description":"MENTIONS L\u00c9GALES Conform\u00e9ment aux dispositions des articles 6-III et 19 de la Loi n\u00b0 2004-575 du 21 juin 2004 pour la Confiance dans l\u2019\u00e9conomie num\u00e9rique, dite L.C.E.N., nous portons \u00e0 la connaissance des utilisateurs et visiteurs du site : www.plrp.fr les informations suivantes : Informations l\u00e9gales : Propri\u00e9taire, responsable du traitement des donn\u00e9es personnelles et [&hellip;]","og_url":"https:\/\/plrp.fr\/en\/mentions-legales\/","og_site_name":"Agence PLRP - Relations Presse Sport - Tourisme - Lifestyle","article_modified_time":"2024-10-14T19:19:16+00:00","twitter_card":"summary_large_image","twitter_misc":{"Est. reading time":"2 minutes"},"schema":{"@context":"https:\/\/schema.org","@graph":[{"@type":"WebPage","@id":"https:\/\/plrp.fr\/mentions-legales\/","url":"https:\/\/plrp.fr\/mentions-legales\/","name":"Mentions l\u00e9gales - Agence PLRP - Relations Presse Sport - Tourisme - Lifestyle","isPartOf":{"@id":"https:\/\/plrp.fr\/#website"},"datePublished":"2024-10-11T17:11:34+00:00","dateModified":"2024-10-14T19:19:16+00:00","breadcrumb":{"@id":"https:\/\/plrp.fr\/mentions-legales\/#breadcrumb"},"inLanguage":"en-US","potentialAction":[{"@type":"ReadAction","target":["https:\/\/plrp.fr\/mentions-legales\/"]}]},{"@type":"BreadcrumbList","@id":"https:\/\/plrp.fr\/mentions-legales\/#breadcrumb","itemListElement":[{"@type":"ListItem","position":1,"name":"Accueil","item":"https:\/\/plrp.fr\/"},{"@type":"ListItem","position":2,"name":"Mentions l\u00e9gales"}]},{"@type":"WebSite","@id":"https:\/\/plrp.fr\/#website","url":"https:\/\/plrp.fr\/","name":"PLRP - Accueil - Philippine Lauraire Relations Presse","description":"","publisher":{"@id":"https:\/\/plrp.fr\/#organization"},"potentialAction":[{"@type":"SearchAction","target":{"@type":"EntryPoint","urlTemplate":"https:\/\/plrp.fr\/?s={search_term_string}"},"query-input":{"@type":"PropertyValueSpecification","valueRequired":true,"valueName":"search_term_string"}}],"inLanguage":"en-US"},{"@type":"Organization","@id":"https:\/\/plrp.fr\/#organization","name":"PLRP - Accueil - Philippine Lauraire Relations Presse","url":"https:\/\/plrp.fr\/","logo":{"@type":"ImageObject","inLanguage":"en-US","@id":"https:\/\/plrp.fr\/#\/schema\/logo\/image\/","url":"https:\/\/plrp.fr\/wp-content\/uploads\/2024\/10\/PLRP_logo_blanc.svg","contentUrl":"https:\/\/plrp.fr\/wp-content\/uploads\/2024\/10\/PLRP_logo_blanc.svg","width":354,"height":282,"caption":"PLRP - Accueil - Philippine Lauraire Relations Presse"},"image":{"@id":"https:\/\/plrp.fr\/#\/schema\/logo\/image\/"}}]}},"_links":{"self":[{"href":"https:\/\/plrp.fr\/en\/wp-json\/wp\/v2\/pages\/615","targetHints":{"allow":["GET"]}}],"collection":[{"href":"https:\/\/plrp.fr\/en\/wp-json\/wp\/v2\/pages"}],"about":[{"href":"https:\/\/plrp.fr\/en\/wp-json\/wp\/v2\/types\/page"}],"author":[{"embeddable":true,"href":"https:\/\/plrp.fr\/en\/wp-json\/wp\/v2\/users\/1"}],"replies":[{"embeddable":true,"href":"https:\/\/plrp.fr\/en\/wp-json\/wp\/v2\/comments?post=615"}],"version-history":[{"count":10,"href":"https:\/\/plrp.fr\/en\/wp-json\/wp\/v2\/pages\/615\/revisions"}],"predecessor-version":[{"id":702,"href":"https:\/\/plrp.fr\/en\/wp-json\/wp\/v2\/pages\/615\/revisions\/702"}],"wp:attachment":[{"href":"https:\/\/plrp.fr\/en\/wp-json\/wp\/v2\/media?parent=615"}],"curies":[{"name":"wp","href":"https:\/\/api.w.org\/{rel}","templated":true}]}}